{"id":4554,"date":"2025-08-14T14:01:24","date_gmt":"2025-08-14T19:01:24","guid":{"rendered":"https:\/\/electrofam.com.co\/?post_type=product&#038;p=4554"},"modified":"2026-01-27T15:02:14","modified_gmt":"2026-01-27T20:02:14","slug":"celular-xiaomi-redmi-a5-64gb-3gb-ram","status":"publish","type":"product","link":"https:\/\/electrofam.com.co\/?product=celular-xiaomi-redmi-a5-64gb-3gb-ram","title":{"rendered":"Celular Xiaomi Redmi A5 64GB\/4GB RAM"},"content":{"rendered":"<h2 style=\"font-weight: 900;\">Descripci\u00f3n<\/h2>\n<p style=\"font-weight: inherit;\">Un nuevo procesador de ocho n\u00facleos ofrece mayor rendimiento con menor consumo de energ\u00eda. Adem\u00e1s, admite la expansi\u00f3n din\u00e1mica de RAM para una experiencia optimizada. Un nuevo sistema de im\u00e1genes de doble c\u00e1mara con IA para obtener im\u00e1genes m\u00e1s claras y una experiencia fotogr\u00e1fica mejorada. Redmi A5 cuenta con un sensor de c\u00e1mara m\u00e1s grande, que captura un 18% m\u00e1s de luz y te permite tomar fotograf\u00edas extraordinarias con poca luz e incluso de noche. Una c\u00e1mara frontal mejorada con luz de relleno garantiza una calidad de selfi perfecta.<\/p>\n<p style=\"font-weight: inherit;\">Sum\u00e9rgete en pel\u00edculas, libros y documentos con la gran pantalla. Admite una frecuencia de actualizaci\u00f3n adaptativa de hasta 120 Hz para un rendimiento m\u00e1s fluido. Cuenta con atenuaci\u00f3n CC total, luz azul baja, sin parpadeo visible y una experiencia de lectura que recuerda a un libro real para que pueda leer durante largos per\u00edodos sin da\u00f1ar sus ojos. La gran capacidad de la bater\u00eda y la opci\u00f3n de carga r\u00e1pida de 15 W hacen que el dispositivo sea ideal para leer y ver videos durante largos periodos sin preocuparse por quedarse sin bater\u00eda. Incluso despu\u00e9s de m\u00e1s de 1000 ciclos de carga, la bater\u00eda dura inquebrantablemente.<\/p>\n<p style=\"font-weight: inherit;\"><b><strong>Caracter\u00edsticas<\/strong><\/b><\/p>\n<ul>\n<li>Procesador: UNISOC T7250<\/li>\n<li>Proceso de 12 nm, ocho n\u00facleos<\/li>\n<li>Almacenamiento: 64GB<\/li>\n<li><span dir=\"auto\" style=\"vertical-align: inherit;\"><span dir=\"auto\" style=\"vertical-align: inherit;\">RAM: 3 GB<\/span><\/span><\/li>\n<li>Alimentado por carga r\u00e1pida de 15 W<\/li>\n<li>Pantalla grande de 6,88&#8243;<\/li>\n<li>C\u00e1mara dual con IA<\/li>\n<li>C\u00e1mara principal de 32 MP<\/li>\n<li>C\u00e1mara frontal de 8MP<\/li>\n<li>Bater\u00eda de 5200 mAh<\/li>\n<li>Sensor de huellas dactilares latera<\/li>\n<li>Desbloqueo facial con IA<\/li>\n<li>Tecnolog\u00eda de tacto h\u00famedo<\/li>\n<li><span dir=\"auto\" style=\"vertical-align: inherit;\"><span dir=\"auto\" style=\"vertical-align: inherit;\">Soporta 4G\/3G\/2G<\/span><\/span><\/li>\n<li><span dir=\"auto\" style=\"vertical-align: inherit;\"><span dir=\"auto\" style=\"vertical-align: inherit;\">Sistema operativo: Android 15 (edici\u00f3n Go)<\/span><\/span><\/li>\n<\/ul>\n<p style=\"font-weight: inherit;\"><b><strong>En la caja:<\/strong><\/b>\u00a0Tel\u00e9fono | Cargador | Cable USB Tipo-C | Herramienta para SIM | Funda protectora | Gu\u00eda r\u00e1pida y tarjeta de garant\u00eda<\/p>\n","protected":false},"excerpt":{"rendered":"<p>Un nuevo procesador de ocho n\u00facleos ofrece mayor rendimiento con menor consumo de energ\u00eda. Adem\u00e1s, admite la expansi\u00f3n din\u00e1mica de RAM para una experiencia optimizada. Un nuevo sistema de im\u00e1genes de doble c\u00e1mara con IA para obtener im\u00e1genes m\u00e1s claras y una experiencia fotogr\u00e1fica mejorada. Redmi A5 cuenta con un sensor de c\u00e1mara m\u00e1s grande, que captura un 18% m\u00e1s de luz y te permite tomar fotograf\u00edas extraordinarias con poca luz e incluso de noche. Una c\u00e1mara frontal mejorada con luz de relleno garantiza una calidad de selfi perfecta.<\/p>\n","protected":false},"featured_media":4616,"comment_status":"open","ping_status":"closed","template":"","meta":{"site-sidebar-layout":"default","site-content-layout":"","ast-site-content-layout":"default","site-content-style":"default","site-sidebar-style":"default","ast-global-header-display":"","ast-banner-title-visibility":"","ast-main-header-display":"","ast-hfb-above-header-display":"","ast-hfb-below-header-display":"","ast-hfb-mobile-header-display":"","site-post-title":"","ast-breadcrumbs-content":"","ast-featured-img":"","footer-sml-layout":"","theme-transparent-header-meta":"default","adv-header-id-meta":"","stick-header-meta":"","header-above-stick-meta":"","header-main-stick-meta":"","header-below-stick-meta":"","astra-migrate-meta-layouts":"set","ast-page-background-enabled":"default","ast-page-background-meta":{"desktop":{"background-color":"","background-image":"","background-repeat":"repeat","background-position":"center center","background-size":"auto","background-attachment":"scroll","background-type":"","background-media":"","overlay-type":"","overlay-color":"","overlay-opacity":"","overlay-gradient":""},"tablet":{"background-color":"","background-image":"","background-repeat":"repeat","background-position":"center center","background-size":"auto","background-attachment":"scroll","background-type":"","background-media":"","overlay-type":"","overlay-color":"","overlay-opacity":"","overlay-gradient":""},"mobile":{"background-color":"","background-image":"","background-repeat":"repeat","background-position":"center center","background-size":"auto","background-attachment":"scroll","background-type":"","background-media":"","overlay-type":"","overlay-color":"","overlay-opacity":"","overlay-gradient":""}},"ast-content-background-meta":{"desktop":{"background-color":"var(--ast-global-color-5)","background-image":"","background-repeat":"repeat","background-position":"center center","background-size":"auto","background-attachment":"scroll","background-type":"","background-media":"","overlay-type":"","overlay-color":"","overlay-opacity":"","overlay-gradient":""},"tablet":{"background-color":"var(--ast-global-color-5)","background-image":"","background-repeat":"repeat","background-position":"center center","background-size":"auto","background-attachment":"scroll","background-type":"","background-media":"","overlay-type":"","overlay-color":"","overlay-opacity":"","overlay-gradient":""},"mobile":{"background-color":"var(--ast-global-color-5)","background-image":"","background-repeat":"repeat","background-position":"center center","background-size":"auto","background-attachment":"scroll","background-type":"","background-media":"","overlay-type":"","overlay-color":"","overlay-opacity":"","overlay-gradient":""}}},"product_brand":[90],"product_cat":[15,115],"product_tag":[99,98,95,97],"class_list":{"0":"post-4554","1":"product","2":"type-product","3":"status-publish","4":"has-post-thumbnail","6":"product_brand-redmi","7":"product_cat-sin-categorizar","8":"product_cat-redmi","9":"product_tag-64gb","10":"product_tag-a5","11":"product_tag-celular","12":"product_tag-redmi","13":"desktop-align-left","14":"tablet-align-left","15":"mobile-align-left","17":"first","18":"instock","19":"sale","20":"featured","21":"shipping-taxable","22":"purchasable","23":"product-type-variable","24":"has-default-attributes"},"jetpack_sharing_enabled":true,"_links":{"self":[{"href":"https:\/\/electrofam.com.co\/index.php?rest_route=\/wp\/v2\/product\/4554","targetHints":{"allow":["GET"]}}],"collection":[{"href":"https:\/\/electrofam.com.co\/index.php?rest_route=\/wp\/v2\/product"}],"about":[{"href":"https:\/\/electrofam.com.co\/index.php?rest_route=\/wp\/v2\/types\/product"}],"replies":[{"embeddable":true,"href":"https:\/\/electrofam.com.co\/index.php?rest_route=%2Fwp%2Fv2%2Fcomments&post=4554"}],"version-history":[{"count":4,"href":"https:\/\/electrofam.com.co\/index.php?rest_route=\/wp\/v2\/product\/4554\/revisions"}],"predecessor-version":[{"id":5198,"href":"https:\/\/electrofam.com.co\/index.php?rest_route=\/wp\/v2\/product\/4554\/revisions\/5198"}],"wp:featuredmedia":[{"embeddable":true,"href":"https:\/\/electrofam.com.co\/index.php?rest_route=\/wp\/v2\/media\/4616"}],"wp:attachment":[{"href":"https:\/\/electrofam.com.co\/index.php?rest_route=%2Fwp%2Fv2%2Fmedia&parent=4554"}],"wp:term":[{"taxonomy":"product_brand","embeddable":true,"href":"https:\/\/electrofam.com.co\/index.php?rest_route=%2Fwp%2Fv2%2Fproduct_brand&post=4554"},{"taxonomy":"product_cat","embeddable":true,"href":"https:\/\/electrofam.com.co\/index.php?rest_route=%2Fwp%2Fv2%2Fproduct_cat&post=4554"},{"taxonomy":"product_tag","embeddable":true,"href":"https:\/\/electrofam.com.co\/index.php?rest_route=%2Fwp%2Fv2%2Fproduct_tag&post=4554"}],"curies":[{"name":"wp","href":"https:\/\/api.w.org\/{rel}","templated":true}]}}