{"id":4900,"date":"2025-09-26T10:22:48","date_gmt":"2025-09-26T15:22:48","guid":{"rendered":"https:\/\/electrofam.com.co\/?post_type=product&#038;p=4900"},"modified":"2026-01-27T14:40:55","modified_gmt":"2026-01-27T19:40:55","slug":"celular-tecno-spark-30-256gb-8gb-ram","status":"publish","type":"product","link":"https:\/\/electrofam.com.co\/?product=celular-tecno-spark-30-256gb-8gb-ram","title":{"rendered":"Celular TECNO SPARK 30 256GB\/8GB RAM"},"content":{"rendered":"<h2 style=\"font-weight: 900;\">Descripci\u00f3n<\/h2>\n<p style=\"font-weight: inherit;\">El Tecno SPARK 30, se destaca con una c\u00e1mara principal Rear: 64MP, Rear Dual Flash y c\u00e1mara selfie de 13MP, Front Dual Flash ideal para capturar cada detalle. Su pantalla 90Hz 6.78&#8221; FHD+ Hole Screen\u00a0ofrece una experiencia visual sin igual. Equipado con una potente bater\u00eda de 5000 mAh con super carga r\u00e1pida de 18W.<\/p>\n<p style=\"font-weight: inherit;\">Con 256GB ROM+ 8GB RAM garantiza un almacenamiento amplio para todas tus necesidades.<\/p>\n<p style=\"font-weight: inherit;\">La memoria interna y la RAM disponibles para el usuario dependen del sistema operativo y las aplicaciones precargada con el procesador MediaTek Helio G91 puedes disfrutar una mayor fluides.<\/p>\n<p style=\"font-weight: inherit;\">La duraci\u00f3n de La bater\u00eda est\u00e1 en horas aproximadas y depender\u00e1 del uso que se le de al equipo. *El tama\u00f1o de la pantalla del celular se mide en diagonal.<\/p>\n<p style=\"font-weight: inherit;\"><b><strong>Caracter\u00edsticas<\/strong><\/b><\/p>\n<ul>\n<li>Sistema operativo:\u00a0\u00a0Android 14<\/li>\n<li>Procesador:\u00a0\u00a0MediaTek Helio G91<\/li>\n<li>Red 2G\/3\/4G<\/li>\n<li>Visualizaci\u00f3n<\/li>\n<li>90Hz 6.78&#8221;\u00a0FHD+ Hole Screen<\/li>\n<li>Resoluci\u00f3n: 1080*2460<\/li>\n<li>C\u00e1mara<\/li>\n<li>Front: 13MP, Front Dual Flash<\/li>\n<li>Rear: 64MP, Rear Dual Flash<\/li>\n<li>Memoria<\/li>\n<li>256GB ROM+ 8GB RAM<\/li>\n<li>Bater\u00eda 5000 mAh<\/li>\n<li>Carga r\u00e1pida de 18 W, tipo C<\/li>\n<li>Altavoz Parlantes Duales Est\u00e9reo<\/li>\n<li>Dolby Atmos Audio De Alta Resoluci\u00f3n<\/li>\n<li>Control remoto infrarrojo<\/li>\n<li>Calificaci\u00f3n IP54<\/li>\n<li>Entrada Tipo-C<\/li>\n<\/ul>\n<p style=\"font-weight: inherit;\"><b><strong>En la caja<\/strong><\/b>: Celular Spark 30 \/ Cable de datos USB a USB-C\/ herramienta de extracci\u00f3n\/ manual de inicio r\u00e1pido , Adaptador de corriente 18W<\/p>\n<p style=\"font-weight: inherit;\">Las im\u00e1genes publicadas, son representaciones fotogr\u00e1ficas que ilustran de manera aproximada las caracter\u00edsticas de los equipos y pueden variar respecto a la realidad seg\u00fan la resoluci\u00f3n de las mismas.<\/p>\n","protected":false},"excerpt":{"rendered":"<p>El Tecno SPARK 30, se destaca con una c\u00e1mara principal Rear: 64MP, Rear Dual Flash y c\u00e1mara selfie de 13MP, Front Dual Flash ideal para capturar cada detalle. Su pantalla 90Hz 6.78&#8221; FHD+ Hole Screen\u00a0ofrece una experiencia visual sin igual.<\/p>\n","protected":false},"featured_media":4901,"comment_status":"open","ping_status":"closed","template":"","meta":{"site-sidebar-layout":"default","site-content-layout":"","ast-site-content-layout":"default","site-content-style":"default","site-sidebar-style":"default","ast-global-header-display":"","ast-banner-title-visibility":"","ast-main-header-display":"","ast-hfb-above-header-display":"","ast-hfb-below-header-display":"","ast-hfb-mobile-header-display":"","site-post-title":"","ast-breadcrumbs-content":"","ast-featured-img":"","footer-sml-layout":"","theme-transparent-header-meta":"default","adv-header-id-meta":"","stick-header-meta":"","header-above-stick-meta":"","header-main-stick-meta":"","header-below-stick-meta":"","astra-migrate-meta-layouts":"set","ast-page-background-enabled":"default","ast-page-background-meta":{"desktop":{"background-color":"","background-image":"","background-repeat":"repeat","background-position":"center center","background-size":"auto","background-attachment":"scroll","background-type":"","background-media":"","overlay-type":"","overlay-color":"","overlay-opacity":"","overlay-gradient":""},"tablet":{"background-color":"","background-image":"","background-repeat":"repeat","background-position":"center center","background-size":"auto","background-attachment":"scroll","background-type":"","background-media":"","overlay-type":"","overlay-color":"","overlay-opacity":"","overlay-gradient":""},"mobile":{"background-color":"","background-image":"","background-repeat":"repeat","background-position":"center center","background-size":"auto","background-attachment":"scroll","background-type":"","background-media":"","overlay-type":"","overlay-color":"","overlay-opacity":"","overlay-gradient":""}},"ast-content-background-meta":{"desktop":{"background-color":"var(--ast-global-color-5)","background-image":"","background-repeat":"repeat","background-position":"center center","background-size":"auto","background-attachment":"scroll","background-type":"","background-media":"","overlay-type":"","overlay-color":"","overlay-opacity":"","overlay-gradient":""},"tablet":{"background-color":"var(--ast-global-color-5)","background-image":"","background-repeat":"repeat","background-position":"center center","background-size":"auto","background-attachment":"scroll","background-type":"","background-media":"","overlay-type":"","overlay-color":"","overlay-opacity":"","overlay-gradient":""},"mobile":{"background-color":"var(--ast-global-color-5)","background-image":"","background-repeat":"repeat","background-position":"center center","background-size":"auto","background-attachment":"scroll","background-type":"","background-media":"","overlay-type":"","overlay-color":"","overlay-opacity":"","overlay-gradient":""}}},"product_brand":[154],"product_cat":[117],"product_tag":[110,160,151,95,156,155],"class_list":{"0":"post-4900","1":"product","2":"type-product","3":"status-publish","4":"has-post-thumbnail","6":"product_brand-tecno","7":"product_cat-tecno","8":"product_tag-256gb","9":"product_tag-160","10":"product_tag-8ram","11":"product_tag-celular","12":"product_tag-spark","13":"product_tag-tecno","14":"desktop-align-left","15":"tablet-align-left","16":"mobile-align-left","18":"first","19":"instock","20":"sale","21":"shipping-taxable","22":"purchasable","23":"product-type-variable","24":"has-default-attributes"},"jetpack_sharing_enabled":true,"_links":{"self":[{"href":"https:\/\/electrofam.com.co\/index.php?rest_route=\/wp\/v2\/product\/4900","targetHints":{"allow":["GET"]}}],"collection":[{"href":"https:\/\/electrofam.com.co\/index.php?rest_route=\/wp\/v2\/product"}],"about":[{"href":"https:\/\/electrofam.com.co\/index.php?rest_route=\/wp\/v2\/types\/product"}],"replies":[{"embeddable":true,"href":"https:\/\/electrofam.com.co\/index.php?rest_route=%2Fwp%2Fv2%2Fcomments&post=4900"}],"version-history":[{"count":2,"href":"https:\/\/electrofam.com.co\/index.php?rest_route=\/wp\/v2\/product\/4900\/revisions"}],"predecessor-version":[{"id":6250,"href":"https:\/\/electrofam.com.co\/index.php?rest_route=\/wp\/v2\/product\/4900\/revisions\/6250"}],"wp:featuredmedia":[{"embeddable":true,"href":"https:\/\/electrofam.com.co\/index.php?rest_route=\/wp\/v2\/media\/4901"}],"wp:attachment":[{"href":"https:\/\/electrofam.com.co\/index.php?rest_route=%2Fwp%2Fv2%2Fmedia&parent=4900"}],"wp:term":[{"taxonomy":"product_brand","embeddable":true,"href":"https:\/\/electrofam.com.co\/index.php?rest_route=%2Fwp%2Fv2%2Fproduct_brand&post=4900"},{"taxonomy":"product_cat","embeddable":true,"href":"https:\/\/electrofam.com.co\/index.php?rest_route=%2Fwp%2Fv2%2Fproduct_cat&post=4900"},{"taxonomy":"product_tag","embeddable":true,"href":"https:\/\/electrofam.com.co\/index.php?rest_route=%2Fwp%2Fv2%2Fproduct_tag&post=4900"}],"curies":[{"name":"wp","href":"https:\/\/api.w.org\/{rel}","templated":true}]}}