{"id":5471,"date":"2025-12-11T21:11:22","date_gmt":"2025-12-12T02:11:22","guid":{"rendered":"https:\/\/electrofam.com.co\/?post_type=product&#038;p=5471"},"modified":"2026-01-27T15:42:33","modified_gmt":"2026-01-27T20:42:33","slug":"celular-zte-blade-v70-max-256gb-4gb","status":"publish","type":"product","link":"https:\/\/electrofam.com.co\/?product=celular-zte-blade-v70-max-256gb-4gb","title":{"rendered":"Celular ZTE BLADE V70 Max 256GB\/4GB"},"content":{"rendered":"<div class=\"product-block-list__item product-block-list__item--description\">\n<div class=\"card\">\n<div id=\"product-description\" class=\"card__collapsible\">\n<div class=\"card__collapsible-content\">\n<div class=\"rte text--pull\">\n<p>El nuevo ZTE Blade V70 Max est\u00e1 dise\u00f1ado para resistirlo todo. Cuenta con certificaci\u00f3n T\u00dcV S\u00dcD que garantiza resistencia a ca\u00eddas de hasta 1.5 metros, protecci\u00f3n IP54 contra polvo y salpicaduras, y una fluidez de experiencia de uso asegurada por m\u00e1s de 48 meses, certificada por SGS. Disfrute de una experiencia de visualizaci\u00f3n cinematogr\u00e1fica en la pantalla ultragrande de 6,9 pulgadas. Equipado con una bater\u00eda de 6000 mAh y un sistema inteligente de ahorro de energ\u00eda, garantiza una larga duraci\u00f3n de la bater\u00eda. Con m\u00e1s de 800 ciclos de carga, ofrece fiabilidad y durabilidad.<\/p>\n<p>&nbsp;<\/p>\n<div class=\"multifunctions_titles animate__animated\" data-v-b597260c=\"\">Dise\u00f1o robusto y s\u00f3lido,\u00a0duradero y resistente a ca\u00eddas.\u00a0Maximice la protecci\u00f3n con un dise\u00f1o de estructura de marco reforzado que resiste ca\u00eddas, manteniendo su dispositivo a salvo de los impactos,\u00a0hasta 1,5 m, resistencia a ca\u00eddas. Est\u00e1 dise\u00f1ado para ser resistente al polvo y a las salpicaduras con una clasificaci\u00f3n IP54, lo que ofrece tranquilidad en diversos entornos.\u00a0Experiencia sin problemas de\u00a048 meses, proporciona un rendimiento suave y con capacidad de respuesta incluso despu\u00e9s de a\u00f1os de uso.<\/div>\n<div class=\"multifunctions_titles animate__animated\" data-v-b597260c=\"\"><\/div>\n<div class=\"multifunctions_titles animate__animated\" data-v-b597260c=\"\"><\/div>\n<div class=\"multifunctions_titles animate__animated\" data-v-b597260c=\"\">\n<div class=\"multifunctions_titles animate__animated\" data-v-b597260c=\"\">C\u00e1mara triple con IA de 50 MP,\u00a0captura cada momento, equipado con un sistema de triple c\u00e1mara AI de 50MP+2MP-IA, para una experiencia fotogr\u00e1fica sorprendente. Hasta 14(4+10) GB\u00a0de RAM din\u00e1mica, multitarea sin interrupciones.<\/div>\n<div class=\"multifunctions_titles animate__animated\" data-v-b597260c=\"\"><\/div>\n<div class=\"multifunctions_titles animate__animated\" data-v-b597260c=\"\"><\/div>\n<div class=\"multifunctions_titles animate__animated\" data-v-b597260c=\"\"><strong>Caracteristicas<\/strong><\/div>\n<div class=\"multifunctions_titles animate__animated\" data-v-b597260c=\"\"><\/div>\n<div class=\"multifunctions_titles animate__animated\" data-v-b597260c=\"\">\n<ul>\n<li>Procesador:\u00a0Unisoc T7200 Octa-core<\/li>\n<li><span class=\"OYPEnA font-feature-liga-off font-feature-clig-off font-feature-calt-off text-decoration-none text-strikethrough-none\">Memoria: 256 GB<\/span><\/li>\n<li><span class=\"OYPEnA font-feature-liga-off font-feature-clig-off font-feature-calt-off text-decoration-none text-strikethrough-none\">RAM: 4GB+10GB (Ampliable hasta 14GB)<\/span><\/li>\n<li><span class=\"OYPEnA font-feature-liga-off font-feature-clig-off font-feature-calt-off text-decoration-none text-strikethrough-none\">C\u00e1mara principal: 50MP<\/span><\/li>\n<li><span class=\"OYPEnA font-feature-liga-off font-feature-clig-off font-feature-calt-off text-decoration-none text-strikethrough-none\">C\u00e1mara frontal: 8MP<\/span><\/li>\n<li>\n<div class=\"l0q4lv2u\">Tama\u00f1o de pantalla:\u00a06,9&#8243; HD+<\/div>\n<\/li>\n<li>Bater\u00eda:\u00a06000 mAh<\/li>\n<li>Frecuencia de actualizaci\u00f3n de 120 Hz<\/li>\n<li>Isla Viva Interactiva<\/li>\n<li>Tecnolog\u00eda 4G\/LTE\/VoLTE<\/li>\n<li class=\"p-product_detail-spec-accordion__panel-item-cont\">Sistema operativo Android V<\/li>\n<li class=\"p-product_detail-spec-accordion__panel-item-cont\">Resistente a caidas de 1.5m<\/li>\n<li class=\"p-product_detail-spec-accordion__panel-item-cont\">sensor de luz<\/li>\n<li class=\"p-product_detail-spec-accordion__panel-item-cont\">Lector de huella lateral<\/li>\n<\/ul>\n<p>&nbsp;<\/p>\n<p><strong>En la caja<\/strong>: Celular ZTE, Funda protectora, Protector de pantalla, Cable USB-C, Eyector tarjeta SIM, Manual de usuario, Carta de garant\u00eda.<\/p>\n<\/div>\n<\/div>\n<\/div>\n<\/div>\n<\/div>\n<\/div>\n<\/div>\n","protected":false},"excerpt":{"rendered":"<p>Dise\u00f1o robusto y s\u00f3lido,\u00a0duradero y resistente a ca\u00eddas.\u00a0Maximice la protecci\u00f3n con un dise\u00f1o de estructura de marco reforzado que resiste ca\u00eddas, manteniendo su dispositivo a salvo de los impactos,\u00a0hasta 1,5 m, resistencia a ca\u00eddas.<\/p>\n","protected":false},"featured_media":5474,"comment_status":"open","ping_status":"closed","template":"","meta":{"site-sidebar-layout":"default","site-content-layout":"","ast-site-content-layout":"default","site-content-style":"default","site-sidebar-style":"default","ast-global-header-display":"","ast-banner-title-visibility":"","ast-main-header-display":"","ast-hfb-above-header-display":"","ast-hfb-below-header-display":"","ast-hfb-mobile-header-display":"","site-post-title":"","ast-breadcrumbs-content":"","ast-featured-img":"","footer-sml-layout":"","theme-transparent-header-meta":"default","adv-header-id-meta":"","stick-header-meta":"","header-above-stick-meta":"","header-main-stick-meta":"","header-below-stick-meta":"","astra-migrate-meta-layouts":"set","ast-page-background-enabled":"default","ast-page-background-meta":{"desktop":{"background-color":"","background-image":"","background-repeat":"repeat","background-position":"center center","background-size":"auto","background-attachment":"scroll","background-type":"","background-media":"","overlay-type":"","overlay-color":"","overlay-opacity":"","overlay-gradient":""},"tablet":{"background-color":"","background-image":"","background-repeat":"repeat","background-position":"center center","background-size":"auto","background-attachment":"scroll","background-type":"","background-media":"","overlay-type":"","overlay-color":"","overlay-opacity":"","overlay-gradient":""},"mobile":{"background-color":"","background-image":"","background-repeat":"repeat","background-position":"center center","background-size":"auto","background-attachment":"scroll","background-type":"","background-media":"","overlay-type":"","overlay-color":"","overlay-opacity":"","overlay-gradient":""}},"ast-content-background-meta":{"desktop":{"background-color":"var(--ast-global-color-5)","background-image":"","background-repeat":"repeat","background-position":"center center","background-size":"auto","background-attachment":"scroll","background-type":"","background-media":"","overlay-type":"","overlay-color":"","overlay-opacity":"","overlay-gradient":""},"tablet":{"background-color":"var(--ast-global-color-5)","background-image":"","background-repeat":"repeat","background-position":"center center","background-size":"auto","background-attachment":"scroll","background-type":"","background-media":"","overlay-type":"","overlay-color":"","overlay-opacity":"","overlay-gradient":""},"mobile":{"background-color":"var(--ast-global-color-5)","background-image":"","background-repeat":"repeat","background-position":"center center","background-size":"auto","background-attachment":"scroll","background-type":"","background-media":"","overlay-type":"","overlay-color":"","overlay-opacity":"","overlay-gradient":""}}},"product_brand":[179],"product_cat":[121],"product_tag":[191,110,108,95,190,189,180],"class_list":{"0":"post-5471","1":"product","2":"type-product","3":"status-publish","4":"has-post-thumbnail","6":"product_brand-zte","7":"product_cat-zte","8":"product_tag-10ram","9":"product_tag-256gb","10":"product_tag-4ram","11":"product_tag-celular","12":"product_tag-max","13":"product_tag-v70","14":"product_tag-zte","15":"desktop-align-left","16":"tablet-align-left","17":"mobile-align-left","19":"first","20":"instock","21":"sale","22":"shipping-taxable","23":"purchasable","24":"product-type-variable","25":"has-default-attributes"},"jetpack_sharing_enabled":true,"_links":{"self":[{"href":"https:\/\/electrofam.com.co\/index.php?rest_route=\/wp\/v2\/product\/5471","targetHints":{"allow":["GET"]}}],"collection":[{"href":"https:\/\/electrofam.com.co\/index.php?rest_route=\/wp\/v2\/product"}],"about":[{"href":"https:\/\/electrofam.com.co\/index.php?rest_route=\/wp\/v2\/types\/product"}],"replies":[{"embeddable":true,"href":"https:\/\/electrofam.com.co\/index.php?rest_route=%2Fwp%2Fv2%2Fcomments&post=5471"}],"version-history":[{"count":2,"href":"https:\/\/electrofam.com.co\/index.php?rest_route=\/wp\/v2\/product\/5471\/revisions"}],"predecessor-version":[{"id":6238,"href":"https:\/\/electrofam.com.co\/index.php?rest_route=\/wp\/v2\/product\/5471\/revisions\/6238"}],"wp:featuredmedia":[{"embeddable":true,"href":"https:\/\/electrofam.com.co\/index.php?rest_route=\/wp\/v2\/media\/5474"}],"wp:attachment":[{"href":"https:\/\/electrofam.com.co\/index.php?rest_route=%2Fwp%2Fv2%2Fmedia&parent=5471"}],"wp:term":[{"taxonomy":"product_brand","embeddable":true,"href":"https:\/\/electrofam.com.co\/index.php?rest_route=%2Fwp%2Fv2%2Fproduct_brand&post=5471"},{"taxonomy":"product_cat","embeddable":true,"href":"https:\/\/electrofam.com.co\/index.php?rest_route=%2Fwp%2Fv2%2Fproduct_cat&post=5471"},{"taxonomy":"product_tag","embeddable":true,"href":"https:\/\/electrofam.com.co\/index.php?rest_route=%2Fwp%2Fv2%2Fproduct_tag&post=5471"}],"curies":[{"name":"wp","href":"https:\/\/api.w.org\/{rel}","templated":true}]}}