{"id":5497,"date":"2025-12-13T13:26:16","date_gmt":"2025-12-13T18:26:16","guid":{"rendered":"https:\/\/electrofam.com.co\/?post_type=product&#038;p=5497"},"modified":"2026-01-27T15:38:39","modified_gmt":"2026-01-27T20:38:39","slug":"celular-infinix-smart-10-256gb-8ram","status":"publish","type":"product","link":"https:\/\/electrofam.com.co\/?product=celular-infinix-smart-10-256gb-8ram","title":{"rendered":"Celular INFINIX Smart 10 256GB\/8RAM"},"content":{"rendered":"<div class=\"card__header\">\n<h2 class=\"card__title heading h3\">Descripci\u00f3n<\/h2>\n<\/div>\n<div class=\"card__section\">\n<div class=\"rte text--pull\">\n<div class=\"slogan anim-up active\" data-v-a7302294=\"\"><span dir=\"auto\">Colores vibrantes d<\/span><span dir=\"auto\">ise\u00f1o<\/span><span dir=\"auto\">\u00a0que\u00a0<\/span><span dir=\"auto\">deslumbra. Un dise\u00f1o visual impactante crea un encanto en constante cambio a trav\u00e9s de un espectro vibrante, cautivando a primera vista. La pantalla de 120 Hz ofrece, una claridad n\u00edtida con una respuesta t\u00e1ctil precisa. Mantiene una claridad perfecta incluso,\u00a0bajo la luz solar directa, lo que garantiza,\u00a0una lectura fluida en cualquier<br \/>\ncondici\u00f3n de iluminaci\u00f3n. Equipado con tecnologia DTS avanzada, el volumen del 300% ofrece un rendimiento de sonido potente.<\/span><\/div>\n<div class=\"slogan anim-up active\" data-v-a7302294=\"\"><\/div>\n<div class=\"slogan anim-up active\" data-v-a7302294=\"\"><\/div>\n<div class=\"slogan anim-up active\" data-v-a7302294=\"\"><span dir=\"auto\">Las actividades en vivo fluyen a la perfecci\u00f3n. Notificaciones, texto: todo unificado din\u00e1micamente. La\u00a0Barra Din\u00e1mica evoluciona seg\u00fan tus necesidades.\u00a0Detalles esenciales a tu alcance. Interacci\u00f3n sin\u00a0precedentes. Dise\u00f1ado para todas las aventuras. Tras numerosos<br \/>\nexperimentos y pruebas, nuestro equipo\u00a0es el m\u00e1s fiable y resistente, liber\u00e1ndote\u00a0de la preocupaci\u00f3n por golpes y\u00a0ca\u00eddas. Resisnte al agua IP64 Sin miedo al viento, la lluvia y el polvo, el equipo se puede\u00a0utilizar libremente y sin preocupaciones en cualquier lugar y sin<br \/>\nrestricciones.<\/span><\/div>\n<div class=\"slogan anim-up active\" data-v-a7302294=\"\"><\/div>\n<div class=\"slogan anim-up active\" data-v-a7302294=\"\"><\/div>\n<div class=\"slogan anim-up active\" data-v-a7302294=\"\"><span dir=\"auto\">Equipado con el potente procesador T7250, optimizado,\u00a0para un rendimiento a\u00fan mayor. Mant\u00e9n la fluidez y si\u00e9ntete,\u00a0renovado incluso despu\u00e9s de 4 a\u00f1os de uso. Con su gran memoria Ejecuta varias aplicaciones\u00a0sin problemas, garantiza que cada,\u00a0aplicaci\u00f3n pueda responder\u00a0r\u00e1pidamente, evita recargas frecuentes\u00a0y le brinda\u00a0una\u00a0experiencia de cambio perfecta. Alimentando maratones de productividad, la mayor\u00a0capacidad de la bater\u00eda 5000mah,\u00a0junto con la tecnolog\u00eda de carga r\u00e1pida para\u00a0manejar sin esfuerzo aventuras al aire libre o\u00a0escenarios en movimiento.<\/span><\/div>\n<div class=\"slogan anim-up active\" data-v-a7302294=\"\"><\/div>\n<div class=\"slogan anim-up active\" data-v-a7302294=\"\"><\/div>\n<div class=\"slogan anim-up active\" data-v-a7302294=\"\"><\/div>\n<div class=\"slogan anim-up active\" data-v-a7302294=\"\"><\/div>\n<div class=\"slogan anim-up active\" data-v-a7302294=\"\"><strong><span dir=\"auto\">Caracteristicas<\/span><\/strong><\/div>\n<div class=\"slogan anim-up active\" data-v-a7302294=\"\">\n<ul type=\"disc\">\n<li>Procesador: Octa-core T7250<\/li>\n<li><span class=\"OYPEnA font-feature-liga-off font-feature-clig-off font-feature-calt-off text-decoration-none text-strikethrough-none\">Memoria: 256GB<\/span><\/li>\n<li><span class=\"OYPEnA font-feature-liga-off font-feature-clig-off font-feature-calt-off text-decoration-none text-strikethrough-none\">RAM: 8GB<\/span><\/li>\n<li><span class=\"OYPEnA font-feature-liga-off font-feature-clig-off font-feature-calt-off text-decoration-none text-strikethrough-none\">Sistema operativo:\u00a0XOS 15.1<\/span><\/li>\n<li><span class=\"OYPEnA font-feature-liga-off font-feature-clig-off font-feature-calt-off text-decoration-none text-strikethrough-none\">C\u00e1mara principal: 8MP<\/span><\/li>\n<li><span class=\"OYPEnA font-feature-liga-off font-feature-clig-off font-feature-calt-off text-decoration-none text-strikethrough-none\">C\u00e1mara frontal: 8MP<\/span><\/li>\n<li>\n<div class=\"l0q4lv2u\">Tama\u00f1o de pantalla:\u00a06,67&#8243; HD+<\/div>\n<\/li>\n<li>Bater\u00eda: 5000\u00a0mAh<\/li>\n<li><span class=\"OYPEnA font-feature-liga-off font-feature-clig-off font-feature-calt-off text-decoration-none text-strikethrough-none\">Red: 4.5G\/4G\/3G\/2G<\/span><\/li>\n<li>Resolucion: 720*1600<\/li>\n<li>Resistente al agua: IP64<\/li>\n<li>Audio tecnologia DTS 300%<\/li>\n<li>Transferencia tactil por NFC<\/li>\n<li>Infinix IA<\/li>\n<\/ul>\n<p>&nbsp;<\/p>\n<p><strong>En la caja<\/strong>: Celular\/ Cargador \/ Funda protectora\/ Pin de extraccion\/ Manual<\/p>\n<\/div>\n<\/div>\n<\/div>\n","protected":false},"excerpt":{"rendered":"<p><span dir=\"auto\">Equipado con el potente procesador T7250, optimizado,\u00a0para un rendimiento a\u00fan mayor. Mant\u00e9n la fluidez y si\u00e9ntete,\u00a0renovado incluso despu\u00e9s de 4 a\u00f1os de uso. Con su gran memoria Ejecuta varias aplicaciones\u00a0sin problemas, garantiza que cada,\u00a0aplicaci\u00f3n pueda responder\u00a0r\u00e1pidamente, evita recargas frecuentes\u00a0y le brinda\u00a0una\u00a0experiencia de cambio perfecta. <\/span><\/p>\n","protected":false},"featured_media":4936,"comment_status":"open","ping_status":"closed","template":"","meta":{"site-sidebar-layout":"default","site-content-layout":"","ast-site-content-layout":"default","site-content-style":"default","site-sidebar-style":"default","ast-global-header-display":"","ast-banner-title-visibility":"","ast-main-header-display":"","ast-hfb-above-header-display":"","ast-hfb-below-header-display":"","ast-hfb-mobile-header-display":"","site-post-title":"","ast-breadcrumbs-content":"","ast-featured-img":"","footer-sml-layout":"","theme-transparent-header-meta":"default","adv-header-id-meta":"","stick-header-meta":"","header-above-stick-meta":"","header-main-stick-meta":"","header-below-stick-meta":"","astra-migrate-meta-layouts":"set","ast-page-background-enabled":"default","ast-page-background-meta":{"desktop":{"background-color":"","background-image":"","background-repeat":"repeat","background-position":"center center","background-size":"auto","background-attachment":"scroll","background-type":"","background-media":"","overlay-type":"","overlay-color":"","overlay-opacity":"","overlay-gradient":""},"tablet":{"background-color":"","background-image":"","background-repeat":"repeat","background-position":"center center","background-size":"auto","background-attachment":"scroll","background-type":"","background-media":"","overlay-type":"","overlay-color":"","overlay-opacity":"","overlay-gradient":""},"mobile":{"background-color":"","background-image":"","background-repeat":"repeat","background-position":"center center","background-size":"auto","background-attachment":"scroll","background-type":"","background-media":"","overlay-type":"","overlay-color":"","overlay-opacity":"","overlay-gradient":""}},"ast-content-background-meta":{"desktop":{"background-color":"var(--ast-global-color-5)","background-image":"","background-repeat":"repeat","background-position":"center center","background-size":"auto","background-attachment":"scroll","background-type":"","background-media":"","overlay-type":"","overlay-color":"","overlay-opacity":"","overlay-gradient":""},"tablet":{"background-color":"var(--ast-global-color-5)","background-image":"","background-repeat":"repeat","background-position":"center center","background-size":"auto","background-attachment":"scroll","background-type":"","background-media":"","overlay-type":"","overlay-color":"","overlay-opacity":"","overlay-gradient":""},"mobile":{"background-color":"var(--ast-global-color-5)","background-image":"","background-repeat":"repeat","background-position":"center center","background-size":"auto","background-attachment":"scroll","background-type":"","background-media":"","overlay-type":"","overlay-color":"","overlay-opacity":"","overlay-gradient":""}}},"product_brand":[164],"product_cat":[118],"product_tag":[110,151,95,165,167],"class_list":{"0":"post-5497","1":"product","2":"type-product","3":"status-publish","4":"has-post-thumbnail","6":"product_brand-infinix","7":"product_cat-infinix","8":"product_tag-256gb","9":"product_tag-8ram","10":"product_tag-celular","11":"product_tag-infinix","12":"product_tag-smart10","13":"desktop-align-left","14":"tablet-align-left","15":"mobile-align-left","17":"first","18":"instock","19":"sale","20":"shipping-taxable","21":"purchasable","22":"product-type-variable","23":"has-default-attributes"},"jetpack_sharing_enabled":true,"_links":{"self":[{"href":"https:\/\/electrofam.com.co\/index.php?rest_route=\/wp\/v2\/product\/5497","targetHints":{"allow":["GET"]}}],"collection":[{"href":"https:\/\/electrofam.com.co\/index.php?rest_route=\/wp\/v2\/product"}],"about":[{"href":"https:\/\/electrofam.com.co\/index.php?rest_route=\/wp\/v2\/types\/product"}],"replies":[{"embeddable":true,"href":"https:\/\/electrofam.com.co\/index.php?rest_route=%2Fwp%2Fv2%2Fcomments&post=5497"}],"version-history":[{"count":2,"href":"https:\/\/electrofam.com.co\/index.php?rest_route=\/wp\/v2\/product\/5497\/revisions"}],"predecessor-version":[{"id":6235,"href":"https:\/\/electrofam.com.co\/index.php?rest_route=\/wp\/v2\/product\/5497\/revisions\/6235"}],"wp:featuredmedia":[{"embeddable":true,"href":"https:\/\/electrofam.com.co\/index.php?rest_route=\/wp\/v2\/media\/4936"}],"wp:attachment":[{"href":"https:\/\/electrofam.com.co\/index.php?rest_route=%2Fwp%2Fv2%2Fmedia&parent=5497"}],"wp:term":[{"taxonomy":"product_brand","embeddable":true,"href":"https:\/\/electrofam.com.co\/index.php?rest_route=%2Fwp%2Fv2%2Fproduct_brand&post=5497"},{"taxonomy":"product_cat","embeddable":true,"href":"https:\/\/electrofam.com.co\/index.php?rest_route=%2Fwp%2Fv2%2Fproduct_cat&post=5497"},{"taxonomy":"product_tag","embeddable":true,"href":"https:\/\/electrofam.com.co\/index.php?rest_route=%2Fwp%2Fv2%2Fproduct_tag&post=5497"}],"curies":[{"name":"wp","href":"https:\/\/api.w.org\/{rel}","templated":true}]}}