{"id":5947,"date":"2026-01-26T12:05:08","date_gmt":"2026-01-26T17:05:08","guid":{"rendered":"https:\/\/electrofam.com.co\/?post_type=product&#038;p=5947"},"modified":"2026-01-27T15:27:34","modified_gmt":"2026-01-27T20:27:34","slug":"iphone-13-pro-max-128gb-reacondicionado","status":"publish","type":"product","link":"https:\/\/electrofam.com.co\/?product=iphone-13-pro-max-128gb-reacondicionado","title":{"rendered":"iphone 13 Pro Max 128Gb (Reacondicionado)"},"content":{"rendered":"<p>IMPORTANTE: Este dispositivo es REACONDICIONADO, \u00a0usado y en excelente estado, con una bater\u00eda con capacidad igual o superior al 80% (sujeto a disponibilidad).<\/p>\n<p>* Ten en cuenta que un dispositivo reacondicionado puede tener leves marcas de uso o rayones m\u00ednimos en la pantalla o carcasa del equipo que en ning\u00fan caso afectan su desempe\u00f1o funcional.<\/p>\n<p>Detalles del Producto:<\/p>\n<p>-Pantalla; Original<\/p>\n<p>\u2013 Modelo: iPhone 13 Pro Max 128GB<br \/>\n\u2013 Estado: Reacondicionado y usado, en excelente estado<br \/>\n\u2013 Bater\u00eda: Capacidad igual o superior al 80% (sujeto a disponibilidad)<br \/>\n\u2013 Incluye: silicon<br \/>\n\u2013 Garant\u00eda: 3 meses<\/p>\n<p>No incluye cargador ni accesorios adicionales.<\/p>\n<p>\u00a1Compra con confianza!<\/p>\n","protected":false},"excerpt":{"rendered":"<p>\u00bfBuscas potencia sin l\u00edmites y una de las mejores bater\u00edas de la historia? Este <b data-path-to-node=\"3\" data-index-in-node=\"69\">iPhone 13 Pro Max<\/b> es el equilibrio perfecto entre lujo y rendimiento profesional. \u00a1Impecable y listo para todo!<\/p>\n","protected":false},"featured_media":5962,"comment_status":"open","ping_status":"closed","template":"","meta":{"site-sidebar-layout":"default","site-content-layout":"","ast-site-content-layout":"default","site-content-style":"default","site-sidebar-style":"default","ast-global-header-display":"","ast-banner-title-visibility":"","ast-main-header-display":"","ast-hfb-above-header-display":"","ast-hfb-below-header-display":"","ast-hfb-mobile-header-display":"","site-post-title":"","ast-breadcrumbs-content":"","ast-featured-img":"","footer-sml-layout":"","theme-transparent-header-meta":"default","adv-header-id-meta":"","stick-header-meta":"","header-above-stick-meta":"","header-main-stick-meta":"","header-below-stick-meta":"","astra-migrate-meta-layouts":"set","ast-page-background-enabled":"default","ast-page-background-meta":{"desktop":{"background-color":"","background-image":"","background-repeat":"repeat","background-position":"center center","background-size":"auto","background-attachment":"scroll","background-type":"","background-media":"","overlay-type":"","overlay-color":"","overlay-opacity":"","overlay-gradient":""},"tablet":{"background-color":"","background-image":"","background-repeat":"repeat","background-position":"center center","background-size":"auto","background-attachment":"scroll","background-type":"","background-media":"","overlay-type":"","overlay-color":"","overlay-opacity":"","overlay-gradient":""},"mobile":{"background-color":"","background-image":"","background-repeat":"repeat","background-position":"center center","background-size":"auto","background-attachment":"scroll","background-type":"","background-media":"","overlay-type":"","overlay-color":"","overlay-opacity":"","overlay-gradient":""}},"ast-content-background-meta":{"desktop":{"background-color":"var(--ast-global-color-5)","background-image":"","background-repeat":"repeat","background-position":"center center","background-size":"auto","background-attachment":"scroll","background-type":"","background-media":"","overlay-type":"","overlay-color":"","overlay-opacity":"","overlay-gradient":""},"tablet":{"background-color":"var(--ast-global-color-5)","background-image":"","background-repeat":"repeat","background-position":"center center","background-size":"auto","background-attachment":"scroll","background-type":"","background-media":"","overlay-type":"","overlay-color":"","overlay-opacity":"","overlay-gradient":""},"mobile":{"background-color":"var(--ast-global-color-5)","background-image":"","background-repeat":"repeat","background-position":"center center","background-size":"auto","background-attachment":"scroll","background-type":"","background-media":"","overlay-type":"","overlay-color":"","overlay-opacity":"","overlay-gradient":""}}},"product_brand":[196],"product_cat":[120],"product_tag":[103,105,20,197,190,129],"class_list":{"0":"post-5947","1":"product","2":"type-product","3":"status-publish","4":"has-post-thumbnail","6":"product_brand-iphone","7":"product_cat-iphone","8":"product_tag-128gb","9":"product_tag-105","10":"product_tag-apple","11":"product_tag-iphone","12":"product_tag-max","13":"product_tag-pro","14":"desktop-align-left","15":"tablet-align-left","16":"mobile-align-left","18":"first","19":"instock","20":"sale","21":"shipping-taxable","22":"purchasable","23":"product-type-variable","24":"has-default-attributes"},"jetpack_sharing_enabled":true,"_links":{"self":[{"href":"https:\/\/electrofam.com.co\/index.php?rest_route=\/wp\/v2\/product\/5947","targetHints":{"allow":["GET"]}}],"collection":[{"href":"https:\/\/electrofam.com.co\/index.php?rest_route=\/wp\/v2\/product"}],"about":[{"href":"https:\/\/electrofam.com.co\/index.php?rest_route=\/wp\/v2\/types\/product"}],"replies":[{"embeddable":true,"href":"https:\/\/electrofam.com.co\/index.php?rest_route=%2Fwp%2Fv2%2Fcomments&post=5947"}],"version-history":[{"count":1,"href":"https:\/\/electrofam.com.co\/index.php?rest_route=\/wp\/v2\/product\/5947\/revisions"}],"predecessor-version":[{"id":5961,"href":"https:\/\/electrofam.com.co\/index.php?rest_route=\/wp\/v2\/product\/5947\/revisions\/5961"}],"wp:featuredmedia":[{"embeddable":true,"href":"https:\/\/electrofam.com.co\/index.php?rest_route=\/wp\/v2\/media\/5962"}],"wp:attachment":[{"href":"https:\/\/electrofam.com.co\/index.php?rest_route=%2Fwp%2Fv2%2Fmedia&parent=5947"}],"wp:term":[{"taxonomy":"product_brand","embeddable":true,"href":"https:\/\/electrofam.com.co\/index.php?rest_route=%2Fwp%2Fv2%2Fproduct_brand&post=5947"},{"taxonomy":"product_cat","embeddable":true,"href":"https:\/\/electrofam.com.co\/index.php?rest_route=%2Fwp%2Fv2%2Fproduct_cat&post=5947"},{"taxonomy":"product_tag","embeddable":true,"href":"https:\/\/electrofam.com.co\/index.php?rest_route=%2Fwp%2Fv2%2Fproduct_tag&post=5947"}],"curies":[{"name":"wp","href":"https:\/\/api.w.org\/{rel}","templated":true}]}}