{"id":6152,"date":"2026-01-26T21:51:16","date_gmt":"2026-01-27T02:51:16","guid":{"rendered":"https:\/\/electrofam.com.co\/?post_type=product&#038;p=6152"},"modified":"2026-01-27T15:07:05","modified_gmt":"2026-01-27T20:07:05","slug":"iphone-17-128gb-nuevo","status":"publish","type":"product","link":"https:\/\/electrofam.com.co\/?product=iphone-17-128gb-nuevo","title":{"rendered":"iphone 17 256gb Nuevo"},"content":{"rendered":"<div class=\"ui-pdp-container__row ui-pdp-container__row--highlighted-features-title\">\n<h2 class=\"ui-vpp-text-alignment--left ui-pdp-color--BLACK ui-pdp-size--XSMALL ui-pdp-family--SEMIBOLD highlighted-features-title\">Descripcion:<\/h2>\n<ul>\n<li>Memoria ram:8ram<\/li>\n<\/ul>\n<\/div>\n<div class=\"ui-pdp-container__row ui-pdp-container__row--highlighted-features\">\n<div class=\"ui-vpp-highlighted-specs__features\">\n<ul class=\"ui-vpp-highlighted-specs__features-list\">\n<li class=\"ui-vpp-highlighted-specs__features-list-item ui-pdp-color--BLACK ui-pdp-size--XSMALL ui-pdp-family--REGULAR\">Memoria interna: 256 GB.<\/li>\n<li class=\"ui-vpp-highlighted-specs__features-list-item ui-pdp-color--BLACK ui-pdp-size--XSMALL ui-pdp-family--REGULAR\">ESIM integrada: activa tu iPhone sin SIM f\u00edsica, ideal para viajar con mayor seguridad y comodidad.<\/li>\n<li class=\"ui-vpp-highlighted-specs__features-list-item ui-pdp-color--BLACK ui-pdp-size--XSMALL ui-pdp-family--REGULAR\">Dise\u00f1o resistente y colorido: cinco colores, pantalla de 6.3&#8243; m\u00e1s brillante y frente con Ceramic Shield 2.<\/li>\n<li class=\"ui-vpp-highlighted-specs__features-list-item ui-pdp-color--BLACK ui-pdp-size--XSMALL ui-pdp-family--REGULAR\">Pantalla ProMotion 6.3&#8243; 120 Hz: mejor contraste en exteriores, menos reflejos y navegaci\u00f3n fluida.<\/li>\n<li class=\"ui-vpp-highlighted-specs__features-list-item ui-pdp-color--BLACK ui-pdp-size--XSMALL ui-pdp-family--REGULAR\">C\u00e1maras Fusion de 48 MP: fotos en alta resoluci\u00f3n, zoom 2x y lente ultra gran angular.<\/li>\n<li class=\"ui-vpp-highlighted-specs__features-list-item ui-pdp-color--BLACK ui-pdp-size--XSMALL ui-pdp-family--REGULAR\">C\u00e1mara frontal Center Stage 18 MP: encuadre inteligente y grabaci\u00f3n dual con c\u00e1mara trasera.<\/li>\n<li class=\"ui-vpp-highlighted-specs__features-list-item ui-pdp-color--BLACK ui-pdp-size--XSMALL ui-pdp-family--REGULAR\">Chip A19 con GPU de 5 n\u00facleos: potencia para Apple Intelligence y juegos de alto rendimiento.<\/li>\n<li class=\"ui-vpp-highlighted-specs__features-list-item ui-pdp-color--BLACK ui-pdp-size--XSMALL ui-pdp-family--REGULAR\">Bater\u00eda de hasta 30 horas de video: duraci\u00f3n para todo el d\u00eda y carga r\u00e1pida al 50% en 20 minutos.<\/li>\n<li class=\"ui-vpp-highlighted-specs__features-list-item ui-pdp-color--BLACK ui-pdp-size--XSMALL ui-pdp-family--REGULAR\">IOS 26 con Liquid Glass: pantalla bloqueada personalizable y mejoras en Mensajes y llamadas.<\/li>\n<li class=\"ui-vpp-highlighted-specs__features-list-item ui-pdp-color--BLACK ui-pdp-size--XSMALL ui-pdp-family--REGULAR\">Conectividad satelital integrada: permite enviar mensajes sin cobertura m\u00f3vil ni Wi-Fi.<\/li>\n<li class=\"ui-vpp-highlighted-specs__features-list-item ui-pdp-color--BLACK ui-pdp-size--XSMALL ui-pdp-family--REGULAR\">Conectividad avanzada: incluye Wi-Fi 7, 5G, Bluetooth 6 y eSIM para conexi\u00f3n r\u00e1pida y segura.<\/li>\n<\/ul>\n<p>EN CAJA: Cable de carga usb-c<\/p>\n<\/div>\n<\/div>\n","protected":false},"excerpt":{"rendered":"<p><span class=\"citation-255\">El <\/span><b data-path-to-node=\"3\" data-index-in-node=\"3\"><span class=\"citation-255\">iPhone 17<\/span><\/b><span class=\"citation-255 citation-end-255\"> no es solo un avance; es una reinvenci\u00f3n.<\/span> Apple ha logrado condensar el futuro en un dispositivo de una sofisticaci\u00f3n sin precedentes. <span class=\"citation-254 citation-end-254\">Dise\u00f1ado para quienes no solo quieren estar al d\u00eda, sino que buscan liderar la tendencia, este equipo es la m\u00e1xima expresi\u00f3n de lujo, inteligencia y potencia visual.<\/span><\/p>\n","protected":false},"featured_media":6157,"comment_status":"open","ping_status":"closed","template":"","meta":{"site-sidebar-layout":"default","site-content-layout":"","ast-site-content-layout":"default","site-content-style":"default","site-sidebar-style":"default","ast-global-header-display":"","ast-banner-title-visibility":"","ast-main-header-display":"","ast-hfb-above-header-display":"","ast-hfb-below-header-display":"","ast-hfb-mobile-header-display":"","site-post-title":"","ast-breadcrumbs-content":"","ast-featured-img":"","footer-sml-layout":"","theme-transparent-header-meta":"default","adv-header-id-meta":"","stick-header-meta":"","header-above-stick-meta":"","header-main-stick-meta":"","header-below-stick-meta":"","astra-migrate-meta-layouts":"set","ast-page-background-enabled":"default","ast-page-background-meta":{"desktop":{"background-color":"","background-image":"","background-repeat":"repeat","background-position":"center center","background-size":"auto","background-attachment":"scroll","background-type":"","background-media":"","overlay-type":"","overlay-color":"","overlay-opacity":"","overlay-gradient":""},"tablet":{"background-color":"","background-image":"","background-repeat":"repeat","background-position":"center center","background-size":"auto","background-attachment":"scroll","background-type":"","background-media":"","overlay-type":"","overlay-color":"","overlay-opacity":"","overlay-gradient":""},"mobile":{"background-color":"","background-image":"","background-repeat":"repeat","background-position":"center center","background-size":"auto","background-attachment":"scroll","background-type":"","background-media":"","overlay-type":"","overlay-color":"","overlay-opacity":"","overlay-gradient":""}},"ast-content-background-meta":{"desktop":{"background-color":"var(--ast-global-color-5)","background-image":"","background-repeat":"repeat","background-position":"center center","background-size":"auto","background-attachment":"scroll","background-type":"","background-media":"","overlay-type":"","overlay-color":"","overlay-opacity":"","overlay-gradient":""},"tablet":{"background-color":"var(--ast-global-color-5)","background-image":"","background-repeat":"repeat","background-position":"center center","background-size":"auto","background-attachment":"scroll","background-type":"","background-media":"","overlay-type":"","overlay-color":"","overlay-opacity":"","overlay-gradient":""},"mobile":{"background-color":"var(--ast-global-color-5)","background-image":"","background-repeat":"repeat","background-position":"center center","background-size":"auto","background-attachment":"scroll","background-type":"","background-media":"","overlay-type":"","overlay-color":"","overlay-opacity":"","overlay-gradient":""}}},"product_brand":[196],"product_cat":[120],"product_tag":[235,110,20,197,236],"class_list":{"0":"post-6152","1":"product","2":"type-product","3":"status-publish","4":"has-post-thumbnail","6":"product_brand-iphone","7":"product_cat-iphone","8":"product_tag-235","9":"product_tag-256gb","10":"product_tag-apple","11":"product_tag-iphone","12":"product_tag-nuevo","13":"desktop-align-left","14":"tablet-align-left","15":"mobile-align-left","17":"first","18":"instock","19":"sale","20":"shipping-taxable","21":"purchasable","22":"product-type-variable","23":"has-default-attributes"},"jetpack_sharing_enabled":true,"_links":{"self":[{"href":"https:\/\/electrofam.com.co\/index.php?rest_route=\/wp\/v2\/product\/6152","targetHints":{"allow":["GET"]}}],"collection":[{"href":"https:\/\/electrofam.com.co\/index.php?rest_route=\/wp\/v2\/product"}],"about":[{"href":"https:\/\/electrofam.com.co\/index.php?rest_route=\/wp\/v2\/types\/product"}],"replies":[{"embeddable":true,"href":"https:\/\/electrofam.com.co\/index.php?rest_route=%2Fwp%2Fv2%2Fcomments&post=6152"}],"version-history":[{"count":3,"href":"https:\/\/electrofam.com.co\/index.php?rest_route=\/wp\/v2\/product\/6152\/revisions"}],"predecessor-version":[{"id":6173,"href":"https:\/\/electrofam.com.co\/index.php?rest_route=\/wp\/v2\/product\/6152\/revisions\/6173"}],"wp:featuredmedia":[{"embeddable":true,"href":"https:\/\/electrofam.com.co\/index.php?rest_route=\/wp\/v2\/media\/6157"}],"wp:attachment":[{"href":"https:\/\/electrofam.com.co\/index.php?rest_route=%2Fwp%2Fv2%2Fmedia&parent=6152"}],"wp:term":[{"taxonomy":"product_brand","embeddable":true,"href":"https:\/\/electrofam.com.co\/index.php?rest_route=%2Fwp%2Fv2%2Fproduct_brand&post=6152"},{"taxonomy":"product_cat","embeddable":true,"href":"https:\/\/electrofam.com.co\/index.php?rest_route=%2Fwp%2Fv2%2Fproduct_cat&post=6152"},{"taxonomy":"product_tag","embeddable":true,"href":"https:\/\/electrofam.com.co\/index.php?rest_route=%2Fwp%2Fv2%2Fproduct_tag&post=6152"}],"curies":[{"name":"wp","href":"https:\/\/api.w.org\/{rel}","templated":true}]}}