{"id":6263,"date":"2026-04-06T20:59:26","date_gmt":"2026-04-07T01:59:26","guid":{"rendered":"https:\/\/electrofam.com.co\/?post_type=product&#038;p=6263"},"modified":"2026-04-06T21:48:19","modified_gmt":"2026-04-07T02:48:19","slug":"samsung-galaxy-a17-4g-de-128gb-4gb-ram","status":"publish","type":"product","link":"https:\/\/electrofam.com.co\/?product=samsung-galaxy-a17-4g-de-128gb-4gb-ram","title":{"rendered":"Samsung Galaxy A17 4G De 128GB\/4GB RAM"},"content":{"rendered":"<p style=\"font-weight: 400;\">Una pantalla amplia y suave de 6,7 pulgadas con vitalidad Super AMOLED y una frecuencia de actualizaci\u00f3n de 90 Hz significa que su mundo se ve rico, brillante e inmersivo. Un marco m\u00e1s delgado de 7.5 mm con un Key Island 2.0 renovado y un conjunto de c\u00e1maras lineal te brindan m\u00e1s estilo con menos volumen. El sistema de triple c\u00e1mara del Galaxy A17 4G, con un gran angular de 50 MP, un ultra gran angular de 5 MP y un macro de 2 MP, encuadra cada escena con precisi\u00f3n. Pasa de paisajes panor\u00e1micos a primeros planos con colores vibrantes y claridad para capturar los momentos de la vida.<\/p>\n<p style=\"font-weight: 400;\">Con su procesador octa-core de 2,4 GHz, el Galaxy A17 4G ofrece una transmisi\u00f3n HD fluida, juegos con gran capacidad de respuesta y una experiencia de compartir en redes sociales fluida. Mant\u00e9n tu dispositivo actualizado y tu informaci\u00f3n protegida con 6 actualizaciones del sistema operativo y 6 a\u00f1os de soporte de seguridad. La protecci\u00f3n contra salpicaduras IP54 y la protecci\u00f3n contra rayones de Corning Gorilla Glass Victus te permiten concentrarte en lo importante. Saca la ventaja del 5G. El Galaxy A17 5G ofrece, conectividad ultrarr\u00e1pida para streaming, juegos y compartir contenido en cualquier lugar.<\/p>\n<p style=\"font-weight: 400;\"><b><strong>Caracteristicas<\/strong><\/b><\/p>\n<ul style=\"font-weight: 400;\">\n<li>Pantalla: 6.7&#8243;<\/li>\n<li>Procesador: Exynos 1330<\/li>\n<li>Bateria: 5000mAh<\/li>\n<li>Almacenamiento: 128GB<\/li>\n<li>RAM: 4GB<\/li>\n<li>Camara trasera: 50MP<\/li>\n<li>Camara frontal: 13MP<\/li>\n<li>Dimensiones: 164.4 x 77.9 x 7.5<\/li>\n<li>Protecci\u00f3n IP54<\/li>\n<li>Actualizacion fluida de 90Hz<\/li>\n<li>Resolucion: 1080 x 2340 (FHD+)<\/li>\n<li>Peso: 192g<\/li>\n<li>Red: 4G\/3G\/2G<\/li>\n<\/ul>\n<p style=\"font-weight: 400;\"><b><strong>En la caja<\/strong><\/b>: Celular\/Cable de carga\/Pin de extracion<\/p>\n","protected":false},"excerpt":{"rendered":"<p>El nuevo <b data-path-to-node=\"8\" data-index-in-node=\"10\">Galaxy A17<\/b> combina potencia y eficiencia con su procesador optimizado y <b data-path-to-node=\"8\" data-index-in-node=\"82\">128GB de capacidad<\/b>, permiti\u00e9ndote ejecutar aplicaciones pesadas y almacenar miles de recuerdos sin sacrificar velocidad. Destaca por su <b data-path-to-node=\"8\" data-index-in-node=\"218\">sensor principal de alta fidelidad<\/b> para fotos impactantes y una autonom\u00eda l\u00edder gracias a su bater\u00eda de <b data-path-to-node=\"8\" data-index-in-node=\"322\">5000 mAh<\/b>, dise\u00f1ada para mantenerte conectado con lo que m\u00e1s importa durante todo el d\u00eda.<\/p>\n","protected":false},"featured_media":6271,"comment_status":"open","ping_status":"closed","template":"","meta":{"site-sidebar-layout":"default","site-content-layout":"","ast-site-content-layout":"default","site-content-style":"default","site-sidebar-style":"default","ast-global-header-display":"","ast-banner-title-visibility":"","ast-main-header-display":"","ast-hfb-above-header-display":"","ast-hfb-below-header-display":"","ast-hfb-mobile-header-display":"","site-post-title":"","ast-breadcrumbs-content":"","ast-featured-img":"","footer-sml-layout":"","theme-transparent-header-meta":"default","adv-header-id-meta":"","stick-header-meta":"","header-above-stick-meta":"","header-main-stick-meta":"","header-below-stick-meta":"","astra-migrate-meta-layouts":"set","ast-page-background-enabled":"default","ast-page-background-meta":{"desktop":{"background-color":"","background-image":"","background-repeat":"repeat","background-position":"center center","background-size":"auto","background-attachment":"scroll","background-type":"","background-media":"","overlay-type":"","overlay-color":"","overlay-opacity":"","overlay-gradient":""},"tablet":{"background-color":"","background-image":"","background-repeat":"repeat","background-position":"center center","background-size":"auto","background-attachment":"scroll","background-type":"","background-media":"","overlay-type":"","overlay-color":"","overlay-opacity":"","overlay-gradient":""},"mobile":{"background-color":"","background-image":"","background-repeat":"repeat","background-position":"center center","background-size":"auto","background-attachment":"scroll","background-type":"","background-media":"","overlay-type":"","overlay-color":"","overlay-opacity":"","overlay-gradient":""}},"ast-content-background-meta":{"desktop":{"background-color":"var(--ast-global-color-5)","background-image":"","background-repeat":"repeat","background-position":"center center","background-size":"auto","background-attachment":"scroll","background-type":"","background-media":"","overlay-type":"","overlay-color":"","overlay-opacity":"","overlay-gradient":""},"tablet":{"background-color":"var(--ast-global-color-5)","background-image":"","background-repeat":"repeat","background-position":"center center","background-size":"auto","background-attachment":"scroll","background-type":"","background-media":"","overlay-type":"","overlay-color":"","overlay-opacity":"","overlay-gradient":""},"mobile":{"background-color":"var(--ast-global-color-5)","background-image":"","background-repeat":"repeat","background-position":"center center","background-size":"auto","background-attachment":"scroll","background-type":"","background-media":"","overlay-type":"","overlay-color":"","overlay-opacity":"","overlay-gradient":""}}},"product_brand":[134],"product_cat":[15,116],"product_tag":[103,106,108,250,135],"class_list":{"0":"post-6263","1":"product","2":"type-product","3":"status-publish","4":"has-post-thumbnail","6":"product_brand-samsung","7":"product_cat-sin-categorizar","8":"product_cat-samsung","9":"product_tag-128gb","10":"product_tag-4g","11":"product_tag-4ram","12":"product_tag-a17","13":"product_tag-samsung","14":"desktop-align-left","15":"tablet-align-left","16":"mobile-align-left","18":"first","19":"instock","20":"sale","21":"featured","22":"shipping-taxable","23":"purchasable","24":"product-type-variable"},"jetpack_sharing_enabled":true,"_links":{"self":[{"href":"https:\/\/electrofam.com.co\/index.php?rest_route=\/wp\/v2\/product\/6263","targetHints":{"allow":["GET"]}}],"collection":[{"href":"https:\/\/electrofam.com.co\/index.php?rest_route=\/wp\/v2\/product"}],"about":[{"href":"https:\/\/electrofam.com.co\/index.php?rest_route=\/wp\/v2\/types\/product"}],"replies":[{"embeddable":true,"href":"https:\/\/electrofam.com.co\/index.php?rest_route=%2Fwp%2Fv2%2Fcomments&post=6263"}],"version-history":[{"count":5,"href":"https:\/\/electrofam.com.co\/index.php?rest_route=\/wp\/v2\/product\/6263\/revisions"}],"predecessor-version":[{"id":6277,"href":"https:\/\/electrofam.com.co\/index.php?rest_route=\/wp\/v2\/product\/6263\/revisions\/6277"}],"wp:featuredmedia":[{"embeddable":true,"href":"https:\/\/electrofam.com.co\/index.php?rest_route=\/wp\/v2\/media\/6271"}],"wp:attachment":[{"href":"https:\/\/electrofam.com.co\/index.php?rest_route=%2Fwp%2Fv2%2Fmedia&parent=6263"}],"wp:term":[{"taxonomy":"product_brand","embeddable":true,"href":"https:\/\/electrofam.com.co\/index.php?rest_route=%2Fwp%2Fv2%2Fproduct_brand&post=6263"},{"taxonomy":"product_cat","embeddable":true,"href":"https:\/\/electrofam.com.co\/index.php?rest_route=%2Fwp%2Fv2%2Fproduct_cat&post=6263"},{"taxonomy":"product_tag","embeddable":true,"href":"https:\/\/electrofam.com.co\/index.php?rest_route=%2Fwp%2Fv2%2Fproduct_tag&post=6263"}],"curies":[{"name":"wp","href":"https:\/\/api.w.org\/{rel}","templated":true}]}}